{"id":2476,"date":"2020-11-10T17:47:48","date_gmt":"2020-11-10T16:47:48","guid":{"rendered":"http:\/\/wp1040163.server-he.de\/kunden\/landbell\/ausbildungen\/online-marketing-kaufmann-copy\/"},"modified":"2021-05-18T13:58:15","modified_gmt":"2021-05-18T11:58:15","slug":"kauffrau-mann-fuer-bueromanagement","status":"publish","type":"page","link":"http:\/\/lbg-old.hosting125805.a2fe8.netcup.net\/de\/ausbildungen\/kauffrau-mann-fuer-bueromanagement\/","title":{"rendered":"Kauffrau\/-mann f\u00fcr B\u00fcromanagement"},"content":{"rendered":"\n<h4>Deine Ausbildung auf einen Blick<\/h4>\n\n\n\n<ul><li>Standort<\/li><li>Dauer<\/li><li>Berufsschule<\/li><li>Dein Abschluss<\/li><li>Deine Ausbildungsstationen<\/li><li>Das lernst du:<ul><li>XXXXX<\/li><li>XXXXX<\/li><\/ul><\/li><\/ul>\n\n\n\n<h4>Das bieten wir dir<\/h4>\n\n\n\n<ul><li>Die M\u00f6glichkeit zur \u00dcbernahme in ein festes Arbeitsverh\u00e4ltnis<\/li><li>Ein faires Brutto-Gehalt<\/li><li>Aufeinander abgestimmte Wechsel zwischen praktischer Ausbildung und schulischen Einheiten<\/li><li>Pers\u00f6nliche und fachliche Unterst\u00fctzung von A-Z<\/li><li>Eine fundierte und branchen\u00fcbergreifende anerkannte Berufsausbildung<\/li><li>Individuelle Weiterbildungs- und Entwicklungsm\u00f6glichkeiten<\/li><li>Moderne und entspannte B\u00fcroatmosph\u00e4re mit Home Office M\u00f6glichkeit<\/li><li>Standort mitten in der Innenstadt von Mainz mit guter Verkehrsanbindung, Rewe und Co. sind auch gleich um die Ecke<\/li><\/ul>\n\n\n\n<h4>#WeAreLandbell &#8211; das sagen unsere Azubis<\/h4>\n\n\n\n<div class=\"wp-block-columns\">\n<div class=\"wp-block-column\">\n<figure class=\"wp-block-image size-large\"><img loading=\"lazy\" width=\"1024\" height=\"510\" src=\"http:\/\/lbg-old.hosting125805.a2fe8.netcup.net\/wp-content\/uploads\/2020\/09\/We-are-hiring-1024x510.jpg\" alt=\"\" class=\"wp-image-2171\" srcset=\"http:\/\/lbg-old.hosting125805.a2fe8.netcup.net\/wp-content\/uploads\/2020\/09\/We-are-hiring-1024x510.jpg 1024w, http:\/\/lbg-old.hosting125805.a2fe8.netcup.net\/wp-content\/uploads\/2020\/09\/We-are-hiring-300x149.jpg 300w, http:\/\/lbg-old.hosting125805.a2fe8.netcup.net\/wp-content\/uploads\/2020\/09\/We-are-hiring-768x383.jpg 768w, http:\/\/lbg-old.hosting125805.a2fe8.netcup.net\/wp-content\/uploads\/2020\/09\/We-are-hiring-1536x765.jpg 1536w, http:\/\/lbg-old.hosting125805.a2fe8.netcup.net\/wp-content\/uploads\/2020\/09\/We-are-hiring-2048x1020.jpg 2048w\" sizes=\"(max-width: 1024px) 100vw, 1024px\" \/><\/figure>\n<\/div>\n\n\n\n<div class=\"wp-block-column is-vertically-aligned-center\">\n<blockquote class=\"wp-block-quote\"><p>ZITAT EINES AZUBI EINTRAGEN<\/p><cite>Zitat Autor<\/cite><\/blockquote>\n<\/div>\n<\/div>\n\n\n\n<div class=\"wp-block-my-gvb-variable-column front-wrapper\" data-width=\"50\"><\/div>\n\n\n\n<h4>Du hast noch Fragen?<\/h4>\n\n\n\n<p>Kein Problem! Schicke uns einfach Deine Fragen \u00fcber das angef\u00fcgte Kontaktformular. Unsere Ausbilderin Luisa wird sich die Zeit f\u00fcr Dich nehmen und alle Fragen beantworten. Wenn Du lieber einen Termin f\u00fcr ein pers\u00f6nliches Gespr\u00e4ch, beispielsweise am Telefon, haben m\u00f6chtest um Deine Fragen zu stellen, kannst Du uns auch gerne Terminvorschl\u00e4ge schicken. Gerne lassen wir Dir auch weiteres Info-Material zukommen.<br><br>F\u00fcll einfach unser Kontaktformular aus oder schreib uns eine Email. Ruf gerne auch an oder nutze WhatsApp (m\u00f6glich?)<br><\/p>\n\n\n\n<h4>Kontaktieren Sie uns unkompliziert \u00fcber unser Online-Formular. Wir melden uns umgehend bei Ihnen!<\/h4>\n\n\n<div class=\"wpforms-container wpforms-container-full\" id=\"wpforms-2465\"><form id=\"wpforms-form-2465\" class=\"wpforms-validate wpforms-form\" data-formid=\"2465\" method=\"post\" enctype=\"multipart\/form-data\" action=\"\/de\/wp-json\/wp\/v2\/pages\/2476\" data-token=\"60ae0047f930008c9fc30d6fb5993ee2\"><noscript class=\"wpforms-error-noscript\">Bitte aktiviere JavaScript in deinem Browser, um dieses Formular fertigzustellen.<\/noscript><div class=\"wpforms-field-container\"><div id=\"wpforms-2465-field_5-container\" class=\"wpforms-field wpforms-field-name\" data-field-id=\"5\"><label class=\"wpforms-field-label wpforms-label-hide\" for=\"wpforms-2465-field_5\">Name <span class=\"wpforms-required-label\">*<\/span><\/label><input type=\"text\" id=\"wpforms-2465-field_5\" class=\"wpforms-field-medium wpforms-field-required\" name=\"wpforms[fields][5]\" placeholder=\"Dein Name*\" required><\/div><div id=\"wpforms-2465-field_6-container\" class=\"wpforms-field wpforms-field-email\" data-field-id=\"6\"><label class=\"wpforms-field-label wpforms-label-hide\" for=\"wpforms-2465-field_6\">Email <span class=\"wpforms-required-label\">*<\/span><\/label><input type=\"email\" id=\"wpforms-2465-field_6\" class=\"wpforms-field-medium wpforms-field-required\" name=\"wpforms[fields][6]\" placeholder=\"E-Mail*\" required><\/div><div id=\"wpforms-2465-field_7-container\" class=\"wpforms-field wpforms-field-textarea\" data-field-id=\"7\"><label class=\"wpforms-field-label wpforms-label-hide\" for=\"wpforms-2465-field_7\">Paragraph Text <span class=\"wpforms-required-label\">*<\/span><\/label><textarea id=\"wpforms-2465-field_7\" class=\"wpforms-field-medium wpforms-field-required\" name=\"wpforms[fields][7]\" placeholder=\"Deine Nachricht*\" required><\/textarea><\/div><div id=\"wpforms-2465-field_9-container\" class=\"wpforms-field wpforms-field-html\" data-field-id=\"9\"><div id=\"wpforms-2465-field_9\"><p class=\"MsoNormal\"><span lang=\"DE\">Mit dem Absenden der Nachricht mit den darin enthaltenen Informationen erkl\u00e4rst Du, dass Du die&nbsp;<a href=\"http:\/\/dev.landbell-group.hosting125805.a2fe8.netcup.net\/kunden\/landbell\/de\/datenschutz\/\" target=\"_blank\">Datenschutzerkl\u00e4rung<\/a> zur Kenntnis genommen hast und einverstanden bist.<o:p><\/o:p><\/span><\/p><\/div><\/div><\/div><div class=\"wpforms-recaptcha-container wpforms-is-recaptcha\" ><div class=\"g-recaptcha\" data-sitekey=\"6LfZuMUUAAAAAPfpRgxzjtBAX6Kdgkrc6VeTNV98\" data-size=\"invisible\"><\/div><\/div><div class=\"wpforms-submit-container\" ><input type=\"hidden\" name=\"wpforms[id]\" value=\"2465\"><input type=\"hidden\" name=\"wpforms[author]\" value=\"1\"><button type=\"submit\" name=\"wpforms[submit]\" class=\"wpforms-submit \" id=\"wpforms-submit-2465\" value=\"wpforms-submit\" aria-live=\"assertive\" data-alt-text=\"Sendet...\" data-submit-text=\"Jetzt senden\">Jetzt senden<\/button><\/div><\/form><\/div>  <!-- .wpforms-container -->","protected":false},"excerpt":{"rendered":"<p>Deine Ausbildung auf einen Blick StandortDauerBerufsschuleDein AbschlussDeine AusbildungsstationenDas lernst du:XXXXXXXXXX Das bieten wir dir Die M\u00f6glichkeit zur \u00dcbernahme in ein festes Arbeitsverh\u00e4ltnisEin faires Brutto-GehaltAufeinander [&hellip;]<\/p>\n","protected":false},"author":1,"featured_media":3164,"parent":2435,"menu_order":0,"comment_status":"closed","ping_status":"closed","template":"page-azubi.php","meta":[],"_links":{"self":[{"href":"http:\/\/lbg-old.hosting125805.a2fe8.netcup.net\/de\/wp-json\/wp\/v2\/pages\/2476"}],"collection":[{"href":"http:\/\/lbg-old.hosting125805.a2fe8.netcup.net\/de\/wp-json\/wp\/v2\/pages"}],"about":[{"href":"http:\/\/lbg-old.hosting125805.a2fe8.netcup.net\/de\/wp-json\/wp\/v2\/types\/page"}],"author":[{"embeddable":true,"href":"http:\/\/lbg-old.hosting125805.a2fe8.netcup.net\/de\/wp-json\/wp\/v2\/users\/1"}],"replies":[{"embeddable":true,"href":"http:\/\/lbg-old.hosting125805.a2fe8.netcup.net\/de\/wp-json\/wp\/v2\/comments?post=2476"}],"version-history":[{"count":25,"href":"http:\/\/lbg-old.hosting125805.a2fe8.netcup.net\/de\/wp-json\/wp\/v2\/pages\/2476\/revisions"}],"predecessor-version":[{"id":3588,"href":"http:\/\/lbg-old.hosting125805.a2fe8.netcup.net\/de\/wp-json\/wp\/v2\/pages\/2476\/revisions\/3588"}],"up":[{"embeddable":true,"href":"http:\/\/lbg-old.hosting125805.a2fe8.netcup.net\/de\/wp-json\/wp\/v2\/pages\/2435"}],"wp:featuredmedia":[{"embeddable":true,"href":"http:\/\/lbg-old.hosting125805.a2fe8.netcup.net\/de\/wp-json\/wp\/v2\/media\/3164"}],"wp:attachment":[{"href":"http:\/\/lbg-old.hosting125805.a2fe8.netcup.net\/de\/wp-json\/wp\/v2\/media?parent=2476"}],"curies":[{"name":"wp","href":"https:\/\/api.w.org\/{rel}","templated":true}]}}