{"id":247,"date":"2019-10-04T10:59:04","date_gmt":"2019-10-04T08:59:04","guid":{"rendered":"https:\/\/lbg.test.int.sma-dev.de\/?page_id=247"},"modified":"2021-03-10T19:54:40","modified_gmt":"2021-03-10T18:54:40","slug":"landbell-ag-fuer-rueckhol-systeme","status":"publish","type":"page","link":"http:\/\/lbg-old.hosting125805.a2fe8.netcup.net\/de\/landbell-ag-fuer-rueckhol-systeme\/","title":{"rendered":"Landbell AG f\u00fcr R\u00fcckhol-Systeme"},"content":{"rendered":"\n<p>Rheinstra\u00dfe 4L D-55116 Mainz<br>Telefon: (0 61 31) 23 56 52-0<br>Telefax: (0 61 31) 23 56 52-10<br>E-Mail:&nbsp;<a href=\"mailto:info@landbell.de\">info[at]landbell.de<\/a><\/p>\n\n\n\n<p>Handelsregister: Amtsgericht Mainz, HRB 6567<br>Umsatzsteuer-ID: DE 812456315<br>Steuernummer: 26\/661\/0157\/6<\/p>\n\n\n\n<p>Vertretungsberechtigter Vorstand:<br>Jan Patrick Schulz (Vorstandsvorsitzender) Tim Scholz<\/p>\n\n\n\n<p>Verantwortlich i.S. des \u00a7 55 Abs. 2 RStV:<br>Jan Patrick Schulz, Vorstandsvorsitzender;<br>Anschrift &amp; Kontaktm\u00f6glichkeit wie oben<\/p>\n\n\n\n<p><strong>1. Inhalt des Onlineangebotes<\/strong><\/p>\n\n\n\n<p>Alle in unseren Internetseiten enthaltenen Angaben und Informationen wurden von der Landbell AG sorgf\u00e4ltig recherchiert und gepr\u00fcft. F\u00fcr Richtigkeit, Vollst\u00e4ndigkeit, Aktualit\u00e4t oder Qualit\u00e4t der bereitgestellten Informationen kann die Landbell AG gleichwohl keine Haftung \u00fcbernehmen. Haftungsanspr\u00fcche jeder Art, die sich auf Sch\u00e4den materieller oder ideeller Art beziehen, die durch die Nutzung oder Nichtnutzung der dargebotenen Informationen bzw. durch die Nutzung fehlerhafter und unvollst\u00e4ndiger Informationen verursacht wurden, sind grunds\u00e4tzlich ausgeschlossen, sofern kein nachweislich vors\u00e4tzliches oder grob fahrl\u00e4ssiges Verschulden vorliegt. Die vorstehende Haftungsbeschr\u00e4nkung gilt nicht, sofern Landbell eine wesentliche Pflicht aus einem Vertragsverh\u00e4ltnis verletzt. Wesentliche Vertragspflichten sind solche, deren Erf\u00fcllung zur Erreichung des Ziels des Vertrags notwendig ist. Die Haftung wegen einer Verletzung von Leben, K\u00f6rper und Gesundheit und die Haftung nach dem Produkthaftungsgesetz bleiben davon unber\u00fchrt. Alle Darstellungen und Angebote sind freibleibend und unverbindlich. Die Landbell AG beh\u00e4lt es sich ausdr\u00fccklich vor, Teile der Seiten oder das gesamte Angebot ohne gesonderte Ank\u00fcndigung zu ver\u00e4ndern, zu erg\u00e4nzen, zu l\u00f6schen oder die Ver\u00f6ffentlichung zeitweise oder endg\u00fcltig einzustellen.<\/p>\n\n\n\n<p><strong>2. Verweise und Links<\/strong><\/p>\n\n\n\n<p>Bei direkten oder indirekten Verweisen auf fremde Internetseiten (\u201cLinks\u201d), die au\u00dferhalb des unmittelbaren Verantwortungsbereiches der Landbell AG liegen, kann eine Haftung ausschlie\u00dflich in den F\u00e4llen begr\u00fcndet sein, in denen der Vorstand von den Inhalten Kenntnis hat und es ihm technisch m\u00f6glich und zumutbar w\u00e4re, die Nutzung im Falle rechtswidriger Inhalte zu verhindern. Der Vorstand erkl\u00e4rt hiermit ausdr\u00fccklich, dass zum Zeitpunkt der Linksetzung keine illegalen Inhalte auf den zu verlinkenden Seiten f\u00fcr ihn erkennbar waren. Auf die aktuelle und zuk\u00fcnftige Gestaltung, die Inhalte oder die Urheberschaft der gelinkten \/ verkn\u00fcpften Seiten hat die Landbell AG keinerlei Einfluss. Deshalb distanziert sich der Vorstand hiermit ausdr\u00fccklich von allen Inhalten aller gelinkten \/ verkn\u00fcpften Seiten, die nach der Linksetzung ver\u00e4ndert wurden. Diese Feststellung gilt f\u00fcr alle innerhalb des eigenen Internetangebotes gesetzten Links und Verweise sowie f\u00fcr Fremdeintr\u00e4ge in G\u00e4steb\u00fcchern, Diskussionsforen und Mailinglisten. F\u00fcr illegale, fehlerhafte oder unvollst\u00e4ndige Inhalte und insbesondere f\u00fcr Sch\u00e4den, die aus der Nutzung oder Nichtnutzung solcherart dargebotener Informationen entstehen, haftet allein der Anbieter der Seite, auf welche verwiesen wurde, nicht derjenige, der \u00fcber Links auf die jeweilige Ver\u00f6ffentlichung lediglich verweist. Durch Benutzung der Links anerkennt der Besucher dieser Website diesen Haftungsausschluss.<\/p>\n\n\n\n<p><strong>3. Urheber- und Kennzeichenrecht<\/strong><\/p>\n\n\n\n<p>Die Landbell AG ist bestrebt, in allen Publikationen die Urheberrechte der verwendeten Grafiken, Tondokumente, Videosequenzen und Texte (Inhalte) zu beachten, von ihr selbst erstellte Inhalte zu nutzen oder auf lizenzfreie Inhalte zur\u00fcckzugreifen. Alle innerhalb des Internetangebotes genannten und ggf. durch Dritte gesch\u00fctzten Marken- und Warenzeichen unterliegen uneingeschr\u00e4nkt den Bestimmungen des jeweils g\u00fcltigen Kennzeichenrechts und den Besitzrechten der jeweiligen eingetragenen Eigent\u00fcmer. Allein aufgrund der blo\u00dfen Nennung ist nicht der Schluss zu ziehen, dass Markenzeichen nicht durch Rechte Dritter gesch\u00fctzt sind. Das Copyright f\u00fcr ver\u00f6ffentlichte, von der Landbell AG selbst erstellte Inhalte bleibt allein bei ihr selbst. Inhalt und Struktur der Webseiten der Landbell AG sind urheberrechtlich gesch\u00fctzt. Die Vervielf\u00e4ltigung von Inhalten oder Daten, insbesondere die Verwendung von Texten, Textteilen oder Bildmaterial ist ohne ausdr\u00fcckliche Zustimmung der Landbell AG nicht gestattet. Jede unerlaubte Nutzung der Inhalte dieser Website kann gegen urheber-, warenzeichenrechtliche oder sonstige gesetzlichen Regelungen versto\u00dfen. Beim Versto\u00df gegen diese Bedingungen erlischt automatisch Ihre Berechtigung zur Nutzung dieser Website. In diesem Fall sind Sie verpflichtet, alle heruntergeladenen bzw. gedruckten Inhalte unverz\u00fcglich zu vernichten.<\/p>\n\n\n\n<p><strong>4. Datenschutz und Datennutzung<\/strong><\/p>\n\n\n\n<p>Landbell gew\u00e4hrleistet die Einhaltung der datenschutzrechtlichen Bestimmungen.&nbsp;Die Datenschutzerkl\u00e4rung dieser Website finden Sie unter folgendem&nbsp;<a href=\"http:\/\/www.landbell-group.de\/datenschutz\/\" target=\"_blank\" rel=\"noreferrer noopener\">Link<\/a>. &nbsp;Die Nutzung der im Rahmen des Impressums oder vergleichbarer Angaben ver\u00f6ffentlichten Kontaktdaten wie Postanschriften, Telefon- und Faxnummern sowie E-Mail-Adressen durch Dritte zur \u00dcbersendung von nicht ausdr\u00fccklich angeforderten Informationen ist nicht gestattet. Rechtliche Schritte gegen die Versender von sog. Spam-Mails bei Verst\u00f6\u00dfen gegen dieses Verbot sind ausdr\u00fccklich vorbehalten.<\/p>\n\n\n\n<p><strong>5. Rechtswirksamkeit dieser Haftungsbschr\u00e4nkungen<\/strong><\/p>\n\n\n\n<p>Vorstehende Haftungsausschl\u00fcsse und -beschr\u00e4nkungen sind als Teil des Internetangebotes zu betrachten, von dem aus auf diese Seite verwiesen wurde. Sofern Teile oder einzelne Formulierungen dieses Textes der geltenden Rechtslage nicht, nicht mehr oder nicht vollst\u00e4ndig entsprechen sollten, bleiben die \u00fcbrigen Teile des Dokumentes in ihrem Inhalt und ihrer G\u00fcltigkeit davon unber\u00fchrt.<\/p>\n","protected":false},"excerpt":{"rendered":"<p>Rheinstra\u00dfe 4L D-55116 MainzTelefon: (0 61 31) 23 56 52-0Telefax: (0 61 31) 23 56 52-10E-Mail:&nbsp;info[at]landbell.de Handelsregister: Amtsgericht Mainz, HRB 6567Umsatzsteuer-ID: DE 812456315Steuernummer: 26\/661\/0157\/6 [&hellip;]<\/p>\n","protected":false},"author":1,"featured_media":0,"parent":0,"menu_order":0,"comment_status":"closed","ping_status":"closed","template":"","meta":[],"_links":{"self":[{"href":"http:\/\/lbg-old.hosting125805.a2fe8.netcup.net\/de\/wp-json\/wp\/v2\/pages\/247"}],"collection":[{"href":"http:\/\/lbg-old.hosting125805.a2fe8.netcup.net\/de\/wp-json\/wp\/v2\/pages"}],"about":[{"href":"http:\/\/lbg-old.hosting125805.a2fe8.netcup.net\/de\/wp-json\/wp\/v2\/types\/page"}],"author":[{"embeddable":true,"href":"http:\/\/lbg-old.hosting125805.a2fe8.netcup.net\/de\/wp-json\/wp\/v2\/users\/1"}],"replies":[{"embeddable":true,"href":"http:\/\/lbg-old.hosting125805.a2fe8.netcup.net\/de\/wp-json\/wp\/v2\/comments?post=247"}],"version-history":[{"count":2,"href":"http:\/\/lbg-old.hosting125805.a2fe8.netcup.net\/de\/wp-json\/wp\/v2\/pages\/247\/revisions"}],"predecessor-version":[{"id":3021,"href":"http:\/\/lbg-old.hosting125805.a2fe8.netcup.net\/de\/wp-json\/wp\/v2\/pages\/247\/revisions\/3021"}],"wp:attachment":[{"href":"http:\/\/lbg-old.hosting125805.a2fe8.netcup.net\/de\/wp-json\/wp\/v2\/media?parent=247"}],"curies":[{"name":"wp","href":"https:\/\/api.w.org\/{rel}","templated":true}]}}