{"id":2435,"date":"2020-11-09T16:51:44","date_gmt":"2020-11-09T15:51:44","guid":{"rendered":"http:\/\/wp1040163.server-he.de\/kunden\/landbell\/?page_id=2435"},"modified":"2021-08-19T12:19:03","modified_gmt":"2021-08-19T10:19:03","slug":"ausbildungen","status":"publish","type":"page","link":"http:\/\/lbg-old.hosting125805.a2fe8.netcup.net\/de\/ausbildungen\/","title":{"rendered":"Unsere Ausbildungen"},"content":{"rendered":"\n<div class=\"wp-block-columns\">\n<div class=\"wp-block-column\">\n<div class=\"wp-block-cgb-block-landbell-blocks-info-tile ik_frontend_wrapper\"><div class=\"ik_inner_wrapper\"><div class=\"ik_content\"><div class=\"ik_headline\"><h3 class=\"ik_title pri2 lig0-t\">Online Marketing Kaufmann<\/h3><\/div><div class=\"ik_txt\"><p class=\"ik_description\"><a href=\"http:\/\/lbg-old.hosting125805.a2fe8.netcup.net\/ausbildungen\/online-marketing-kaufmann\/\" data-type=\"page\" data-id=\"2460\">Hier mehr erfahren<\/a><\/p><\/div><\/div><\/div><\/div>\n<\/div>\n\n\n\n<div class=\"wp-block-column\">\n<div class=\"wp-block-cgb-block-landbell-blocks-info-tile ik_frontend_wrapper\"><div class=\"ik_inner_wrapper\"><div class=\"ik_content\"><div class=\"ik_headline\"><h3 class=\"ik_title pri2 lig0-t\">Kaufmann f\u00fcr B\u00fcrokommunikation<\/h3><\/div><div class=\"ik_txt\"><p class=\"ik_description\"><a href=\"http:\/\/lbg-old.hosting125805.a2fe8.netcup.net\/ausbildungen\/kaufmann-buerokommunikation\/\" data-type=\"page\" data-id=\"2476\">Hier mehr erfahren<\/a><\/p><\/div><\/div><\/div><\/div>\n<\/div>\n<\/div>\n\n\n\n<div class=\"wp-block-media-text alignwide has-media-on-the-right is-stacked-on-mobile\" style=\"grid-template-columns:auto 37%\"><figure class=\"wp-block-media-text__media\"><img loading=\"lazy\" width=\"1000\" height=\"667\" src=\"http:\/\/lbg-old.hosting125805.a2fe8.netcup.net\/wp-content\/uploads\/2020\/11\/Azubi.jpg\" alt=\"\" class=\"wp-image-2439\" srcset=\"http:\/\/lbg-old.hosting125805.a2fe8.netcup.net\/wp-content\/uploads\/2020\/11\/Azubi.jpg 1000w, http:\/\/lbg-old.hosting125805.a2fe8.netcup.net\/wp-content\/uploads\/2020\/11\/Azubi-300x200.jpg 300w, http:\/\/lbg-old.hosting125805.a2fe8.netcup.net\/wp-content\/uploads\/2020\/11\/Azubi-768x512.jpg 768w\" sizes=\"(max-width: 1000px) 100vw, 1000px\" \/><\/figure><div class=\"wp-block-media-text__content\">\n<p class=\"has-large-font-size\"><strong>Eure Ansprechpartnerin<\/strong><\/p>\n\n\n\n<p>Vorstellung mit Bild\/Interview oder Video<\/p>\n\n\n\n<p>Kontaktdaten: Email und Telefonnummer<\/p>\n<\/div><\/div>\n\n\n\n<div style=\"height:100px\" aria-hidden=\"true\" class=\"wp-block-spacer\"><\/div>\n\n\n\n<div class=\"wp-block-media-text alignwide has-media-on-the-right is-stacked-on-mobile is-vertically-aligned-top\" style=\"grid-template-columns:auto 37%\"><figure class=\"wp-block-media-text__media\"><img loading=\"lazy\" width=\"1000\" height=\"712\" src=\"http:\/\/lbg-old.hosting125805.a2fe8.netcup.net\/wp-content\/uploads\/2020\/11\/Azubi-Media.jpg\" alt=\"\" class=\"wp-image-2441\" srcset=\"http:\/\/lbg-old.hosting125805.a2fe8.netcup.net\/wp-content\/uploads\/2020\/11\/Azubi-Media.jpg 1000w, http:\/\/lbg-old.hosting125805.a2fe8.netcup.net\/wp-content\/uploads\/2020\/11\/Azubi-Media-300x214.jpg 300w, http:\/\/lbg-old.hosting125805.a2fe8.netcup.net\/wp-content\/uploads\/2020\/11\/Azubi-Media-768x547.jpg 768w\" sizes=\"(max-width: 1000px) 100vw, 1000px\" \/><\/figure><div class=\"wp-block-media-text__content\">\n<p class=\"has-large-font-size\"><strong>Ihr wollt mehr erfahren?<\/strong><\/p>\n\n\n\n<p>Als Spezialist f\u00fcr Umwelt- und Chemikalien-Compliance helfen wir unseren Kunden dabei, die Potenziale der Kreislaufwirtschaft (Circular Economy) zu erschlie\u00dfen, und stehen als Partner auf dem Weg in eine nachhaltigere Zukunft zur Seite.<\/p>\n\n\n\n<p>Landbell wurde 1995 als lokales Entsorgungsunternehmen gegr\u00fcndet und hat sich seitdem zu einem globalen Dienstleister f\u00fcr Umwelt- und Chemikalien-Compliance weiterentwickelt. Wir unterst\u00fctzen unsere Kunden weltweit mit umfassenden R\u00fccknahme-, Beratungs- und Softwarel\u00f6sungen.<\/p>\n\n\n\n<p>Lest <a href=\"http:\/\/lbg-old.hosting125805.a2fe8.netcup.net\/ueber-uns\/\" data-type=\"URL\" data-id=\"http:\/\/lbg-old.hosting125805.a2fe8.netcup.net\/ueber-uns\/\">hier<\/a>, was uns ausmacht und wer wir sind.<\/p>\n<\/div><\/div>\n","protected":false},"excerpt":{"rendered":"<p>Eure Ansprechpartnerin Vorstellung mit Bild\/Interview oder Video Kontaktdaten: Email und Telefonnummer Ihr wollt mehr erfahren? Als Spezialist f\u00fcr Umwelt- und Chemikalien-Compliance helfen wir unseren [&hellip;]<\/p>\n","protected":false},"author":1,"featured_media":3104,"parent":0,"menu_order":0,"comment_status":"closed","ping_status":"closed","template":"page-azubi.php","meta":[],"_links":{"self":[{"href":"http:\/\/lbg-old.hosting125805.a2fe8.netcup.net\/de\/wp-json\/wp\/v2\/pages\/2435"}],"collection":[{"href":"http:\/\/lbg-old.hosting125805.a2fe8.netcup.net\/de\/wp-json\/wp\/v2\/pages"}],"about":[{"href":"http:\/\/lbg-old.hosting125805.a2fe8.netcup.net\/de\/wp-json\/wp\/v2\/types\/page"}],"author":[{"embeddable":true,"href":"http:\/\/lbg-old.hosting125805.a2fe8.netcup.net\/de\/wp-json\/wp\/v2\/users\/1"}],"replies":[{"embeddable":true,"href":"http:\/\/lbg-old.hosting125805.a2fe8.netcup.net\/de\/wp-json\/wp\/v2\/comments?post=2435"}],"version-history":[{"count":42,"href":"http:\/\/lbg-old.hosting125805.a2fe8.netcup.net\/de\/wp-json\/wp\/v2\/pages\/2435\/revisions"}],"predecessor-version":[{"id":4010,"href":"http:\/\/lbg-old.hosting125805.a2fe8.netcup.net\/de\/wp-json\/wp\/v2\/pages\/2435\/revisions\/4010"}],"wp:featuredmedia":[{"embeddable":true,"href":"http:\/\/lbg-old.hosting125805.a2fe8.netcup.net\/de\/wp-json\/wp\/v2\/media\/3104"}],"wp:attachment":[{"href":"http:\/\/lbg-old.hosting125805.a2fe8.netcup.net\/de\/wp-json\/wp\/v2\/media?parent=2435"}],"curies":[{"name":"wp","href":"https:\/\/api.w.org\/{rel}","templated":true}]}}