{"id":2113,"date":"2020-08-19T10:30:13","date_gmt":"2020-08-19T08:30:13","guid":{"rendered":"http:\/\/wp1040163.server-he.de\/kunden\/landbell\/?page_id=2113"},"modified":"2021-03-25T15:53:57","modified_gmt":"2021-03-25T14:53:57","slug":"cookie-richtlinien","status":"publish","type":"page","link":"http:\/\/lbg-old.hosting125805.a2fe8.netcup.net\/de\/cookie-richtlinien\/","title":{"rendered":"Cookie Richtlinien"},"content":{"rendered":"\n<script id=\"CookieDeclaration\" data-culture=\"DE\" src=\"http:\/\/consent.cookiebot.com\/232f5537-ea14-495e-83f2-1cf511133cca\/cd.js\" type=\"text\/javascript\" async=\"\"><\/script>a\n\n\n\n<p><\/p>\n<p><strong>3\tEinige Informationen \u00fcber einige von Dritten bereitgestellte Cookies werden auf dieser Website verwendet.<\/strong><\/p>\n<p>Unter den oben genannten Cookies werden einige von Dritten bereitgestellt, hier finden Sie weitere Informationen \u00fcber sie.<\/p>\n<p><strong>3.1\tDatenerhebung durch Google Analytics<\/strong>\n    <br>Diese Website benutzt Google Analytics, einen Webanalysedienst der Google Inc. (\u201eGoogle\u201c). Google Analytics verwendet sog. \u201eCookies\u201c, Textdateien, die auf Ihrem Computer gespeichert werden und die eine Analyse der Benutzung der Website durch Sie erm\u00f6glichen. Die durch den Cookie erzeugten Informationen \u00fcber Ihre Benutzung dieser Website werden in der Regel an einen Server von Google in den USA \u00fcbertragen und dort gespeichert.<br>\nIm Falle der Aktivierung der IP-Anonymisierung auf dieser Webseite, wird Ihre IP-Adresse von Google jedoch innerhalb von Mitgliedstaaten der Europ\u00e4ischen Union oder in anderen Vertragsstaaten des Abkommens \u00fcber den Europ\u00e4ischen Wirtschaftsraum zuvor gek\u00fcrzt. Nur in Ausnahmef\u00e4llen wird die volle IP-Adresse an einen Server von Google in den USA \u00fcbertragen und dort gek\u00fcrzt. Wir weisen darauf hin, dass auf dieser Website Google Analytics um den Code \u201eanonymizelp\u201c erweitert wurde, um eine anonymisierte Fassung der IP-Adresse zu gew\u00e4hrleisten. <br>\nIm Auftrag des Betreibers dieser Website wird Google diese Informationen benutzen, um Ihre Nutzung der Website auszuwerten, um Reports \u00fcber die Websiteaktivit\u00e4ten zusammenzustellen und um weitere mit der Websitenutzung und der Internetnutzung verbundene Dienstleistungen gegen\u00fcber dem Websitebetreiber zu erbringen. Die im Rahmen von Google Analytics von Ihrem Browser \u00fcbermittelte IP-Adresse wird nicht mit anderen Daten von Google zusammengef\u00fchrt.<br>\nSie k\u00f6nnen die Speicherung der Cookies durch eine entsprechende Einstellung Ihrer Browser-Software verhindern; wir weisen Sie jedoch darauf hin, dass Sie in diesem Fall gegebenenfalls nicht s\u00e4mtliche Funktionen dieser Website vollumf\u00e4nglich werden nutzen k\u00f6nnen. Sie k\u00f6nnen dar\u00fcber hinaus die Erfassung der durch das Cookie erzeugten und auf Ihre Nutzung der Website bezogenen Daten (inkl. Ihrer IP-Adresse) an Google sowie die Verarbeitung dieser Daten durch Google verhindern, indem sie das unter dem folgenden Link verf\u00fcgbare Browser-Plugin herunterladen und installieren:<\/p>\n<p><a href=\"http:\/\/tools.google.com\/dlpage\/gaoptout?hl=de\" target=\"blank\" rel=\"noopener noreferrer\">http:\/\/tools.google.com\/dlpage\/gaoptout?hl=de<\/a>. Grundlage f\u00fcr die Datenverarbeitung ist Art. 6 Abs. 1 S.1 f) DSGVO.<\/p>\n<p><strong>3.2 reCAPTCHA<\/strong>\n    <br>Zum Schutz Ihrer Anfragen per Internetformular verwenden wir den Dienst reCAPTCHA des Unternehmens Google Inc. (Google). Die Abfrage dient der Unterscheidung, ob die Eingabe durch einen Menschen oder missbr\u00e4uchlich durch automatisierte, maschinelle Verarbeitung erfolgt. Die Abfrage schlie\u00dft den Versand der IP-Adresse und ggf. weiterer von Google f\u00fcr den Dienst reCAPTCHA ben\u00f6tigter Daten an Google ein. Zu diesem Zweck wird Ihre Eingabe an Google \u00fcbermittelt und dort weiterverwendet. Ihre IP-Adresse wird von Google jedoch innerhalb von Mitgliedstaaten der Europ\u00e4ischen Union oder in anderen Vertragsstaaten des Abkommens \u00fcber den Europ\u00e4ischen Wirtschaftsraum zuvor gek\u00fcrzt. Nur in Ausnahmef\u00e4llen wird die volle IP-Adresse an einen Server von Google in den USA \u00fcbertragen und dort gek\u00fcrzt. Im Auftrag des Betreibers dieser Website wird Google diese Informationen benutzen, um Ihre Nutzung dieses Dienstes auszuwerten. Die von Ihrem Browser im Rahmen von reCaptcha \u00fcbermittelte IP-Adresse wird nicht mit anderen Daten von Google zusammengef\u00fchrt. F\u00fcr diese Daten gelten die abweichenden Datenschutzbestimmungen von Google. Weitere Informationen zu den Datenschutzbestimmungen von Google finden Sie unter<\/p>\n<p><a href=\"http:\/\/www.google.com\/intl\/en\/policies\/privacy\/\" target=\"blank\" rel=\"noopener noreferrer\">http:\/\/www.google.com\/intl\/en\/policies\/privacy\/<\/a><\/p>\n<p><strong>3.3 Google Analytics Remarketing<\/strong>\n    <br>Unsere Websites nutzen die Funktionen von Google Analytics Remarketing in Kombination mit den ger\u00e4te\u00fcbergreifenden Funktionen von Google AdWords und Google DoubleClick. Anbieter dieses Dienstes ist Google Inc., 1600 Amphitheatre Parkway, Mountain View, CA 94043, USA. Diese Funktion erm\u00f6glicht es Ihnen, die mit Google Analytics Remarketing erstellten Werbezielgruppen mit den ger\u00e4te\u00fcbergreifenden Funktionen von Google AdWords und Google DoubleClick zu verkn\u00fcpfen. Auf diese Weise k\u00f6nnen interessenbezogene, personalisierte Werbebotschaften, die aufgrund Ihres bisherigen Nutzungs- und Surfverhaltens auf einem Endger\u00e4t (z. B. Handy) an Sie angepasst sind, auch auf einem anderen Ihrer Endger\u00e4te (z. B. Tablet oder PC) angezeigt werden. Sobald Sie Ihre Zustimmung erteilt haben, wird Google zu diesem Zweck Ihren Web- und App-Browsing-Verlauf mit Ihrem Google-Konto verkn\u00fcpfen. Auf diese Weise k\u00f6nnen die gleichen personalisierten Werbebotschaften auf jedem Ger\u00e4t angezeigt werden, bei dem Sie sich mit Ihrem Google-Konto anmelden. Um diese Funktion zu unterst\u00fctzen, sammelt Google Analytics Google-authentifizierte IDs von Nutzern, die vor\u00fcbergehend mit unseren Google Analytics-Daten verkn\u00fcpft werden. Dies dient dazu, Zielgruppen f\u00fcr ger\u00e4te\u00fcbergreifende Anzeigenwerbung zu definieren und zu erstellen. Sie k\u00f6nnen ger\u00e4te\u00fcbergreifendes Remarketing \/ Targeting dauerhaft deaktivieren, indem Sie personalisierte Werbung in Ihrem Google-Konto deaktivieren; folgen Sie diesem Link: <\/p>\n<p><a href=\"http:\/\/www.google.com\/settings\/ads\/onweb\/\" target=\"blank\" rel=\"noopener noreferrer\" class=\"broken_link\">http:\/\/www.google.com\/settings\/ads\/onweb\/<\/a><\/p>\n<p>Die Aggregation der gesammelten Daten in Ihrem Google-Konto erfolgt ausschlie\u00dflich auf der Grundlage Ihrer Zustimmung, die Sie bei Google einreichen oder widerrufen k\u00f6nnen (Art. 6 Abs. 1 a) DSGVO). Bei Datenerfassungsvorg\u00e4ngen, die nicht in Ihrem Google-Konto zusammengef\u00fchrt werden (z. B. weil Sie kein Google-Konto haben oder der Zusammenf\u00fchrung widersprochen haben), basiert die Datenerfassung auf Art. 6 Abs. 1 f) DSGVO. Das berechtigte Interesse ergibt sich daraus, dass der Websitebetreiber ein Interesse an der anonymisierten Auswertung der Websitebesucher zu Werbezwecken hat. Weitere Informationen und Datenschutzbestimmungen finden Sie in den Google-Datenschutzbestimmungen unter<\/p>\n<p><a href=\"http:\/\/www.google.com\/policies\/technologies\/ads\/\" target=\"blank\" rel=\"noopener noreferrer\">http:\/\/www.google.com\/policies\/technologies\/ads\/<\/a><\/p>\n<p><strong>3.4 Adwords and Google Conversion Tracking<\/strong>\n    <br>Diese Website benutzt Google Adwords. AdWords ist ein Online-Anzeigenservice, der von Google Inc. entwickelt wurde, 1600 Amphitheatre Parkway, Mountain View, CA 94043, Vereinigte Staaten (&#8222;Google&#8220;). Als Teil von Google AdWords verwenden wir das so genannte Conversion-Tracking. Wenn Sie auf eine von Google geschaltete Anzeige klicken, wird ein Conversion-Tracking-Cookie gesetzt. Cookies sind kleine Textdateien, die vom Internetbrowser erstellt und auf dem Computer des Nutzers gespeichert werden. Diese Cookies verlieren nach 30 Tagen ihre G\u00fcltigkeit und werden nicht zur pers\u00f6nlichen Identifizierung der Nutzer verwendet. Wenn der Nutzer bestimmte Seiten dieser Website besucht und das Cookie noch nicht abgelaufen ist, k\u00f6nnen Google und wir erkennen, dass der Nutzer auf die Anzeige geklickt hat und auf diese Seite umgeleitet wurde. Jeder Google AdWords-Kunde erh\u00e4lt ein anderes Cookie. Die Cookies k\u00f6nnen nicht \u00fcber die Websites der Inserenten nachverfolgt werden. Die mit dem Conversion-Cookie gesammelten Informationen werden zur Erstellung von Conversion-Statistiken f\u00fcr AdWords-Kunden verwendet, die sich f\u00fcr Conversion-Tracking entschieden haben. Den Kunden wird die Gesamtzahl der Benutzer mitgeteilt, die auf ihre Anzeige geklickt haben und auf eine Conversion-Tracking-Tag-Seite umgeleitet wurden. Sie erhalten jedoch keine Informationen, die Benutzer pers\u00f6nlich identifizieren. Wenn Sie nicht an der Nachverfolgung teilnehmen m\u00f6chten, k\u00f6nnen Sie dies deaktivieren, indem Sie das Google Conversion-Tracking-Cookie einfach \u00fcber den Internetbrowser unter Benutzereinstellungen deaktivieren. Sie werden dann nicht in die Conversion-Tracking-Statistik aufgenommen. Die Speicherung von &#8222;Conversion-Cookies&#8220; basiert auf Art. 6 Abs. 1 f DSGVO. Der Website-Betreiber hat ein berechtigtes Interesse daran, das Nutzerverhalten zu analysieren, um sowohl seine Website als auch seine Werbung zu optimieren. Weitere Informationen zu Google AdWords und Google Conversion Tracking finden Sie in den Google-Datenschutzbestimmungen:<\/p>\n<p><a href=\"http:\/\/www.google.de\/policies\/privacy\/\" target=\"blank\" rel=\"noopener noreferrer\">http:\/\/www.google.de\/policies\/privacy\/<\/a><\/p>\n<p>Sie k\u00f6nnen Ihren Browser so einstellen, dass er Sie \u00fcber das Setzen von Cookies informiert und Cookies nur in Einzelf\u00e4llen zul\u00e4sst, die Annahme von Cookies f\u00fcr bestimmte F\u00e4lle erlaubt oder das automatische L\u00f6schen von Cookies beim Schlie\u00dfen des Browsers generell ausschlie\u00dft und aktiviert. Die Deaktivierung von Cookies kann die Funktionalit\u00e4t dieser Website einschr\u00e4nken.<\/p>\n<p><strong>Google Web Fonts<\/strong>\n    <br>Diese Website verwendet Web Fonts, die von Google zur Verf\u00fcgung gestellt werden, zur einheitlichen Darstellung von Schriften. Wenn Sie eine Seite aufrufen, l\u00e4dt Ihr Browser die ben\u00f6tigten Web Fonts in Ihren Browser-Cache, um Texte und Schriften korrekt darzustellen. Dazu muss der von Ihnen verwendete Browser eine Verbindung zu den Servern von Google herstellen. Dadurch erf\u00e4hrt Google \u00fcber Ihre IP-Adresse, dass auf unsere Website zugegriffen wurde. Die Verwendung von Google Web Fonts liegt im Interesse einer einheitlichen und attraktiven Darstellung unserer Online-Dienste. Dies stellt ein berechtigtes Interesse im Sinne von Art. 6 Abs. 1 f DSGVO dar. Falls Ihr Browser keine Web Fonts unterst\u00fctzt, wird von Ihrem Computer eine Standardschriftart verwendet. Weitere Informationen \u00fcber Google Web Fonts finden Sie unter<\/p>\n<p><a href=\"http:\/\/developers.google.com\/fonts\/faq\" target=\"blank\" rel=\"noopener noreferrer\">http:\/\/developers.google.com\/fonts\/faq<\/a><\/p>\n<p>und in den Datenschutzbestimmungen von Google<\/p>\n<p><a href=\"http:\/\/www.google.de\/policies\/privacy\/\" target=\"blank\" rel=\"noopener noreferrer\">http:\/\/www.google.de\/policies\/privacy\/<\/a><\/p>\n<p><strong>3.5 Soziale Medien und Social-Media-Plugins<\/strong><\/p>\n<p><strong>Nutzung von Social Media<\/strong>\n    <br>Unsere Website verwendet Plugins aus verschiedenen sozialen Netzwerken (&#8222;Facebook&#8220;, &#8222;Twitter&#8220;, &#8222;Instagram&#8220; &#8222;YouTube&#8220;). Die Buttons sind mit dem Logo des jeweiligen sozialen Netzwerks gekennzeichnet. \nAuf den Zweck und Umfang der Datenerhebung sowie die weitere Verarbeitung und Nutzung der Daten durch die sozialen Netzwerke hat Landbell keinen Einfluss. Informationen zum Datenschutz und zu Ihren Rechten in diesem Zusammenhang finden Sie in den Datenschutzrichtlinien der sozialen Netzwerke.\n<\/p>\n<p><strong>Vimeo<\/strong>\n    <br>Unsere Website verwendet Plugins aus dem Streaming-Portal Vimeo. Dieser Dienst wird von Vimeo Inc., 555 West 18th Street, New York 10011, USA, bereitgestellt. Wenn Sie eine unserer Websites besuchen, die mit einem Vimeo-Plugin ausgestattet ist, werden Sie mit den Servern von Vimeo verbunden. Dies teilt dem Vimeo-Server mit, welche unserer Seiten Sie besucht haben. Dar\u00fcber hinaus erh\u00e4lt Vimeo Ihre IP-Adresse. Dies gilt auch, wenn Sie nicht bei Vimeo eingeloggt sind oder kein Konto bei Vimeo haben. Die von Vimeo gesammelten Informationen werden an den Vimeo-Server in den Vereinigten Staaten \u00fcbermittelt. Wenn Sie in Ihr Vimeo-Konto eingeloggt sind, erlauben Sie Vimeo, Ihr Surfverhalten direkt mit Ihrem pers\u00f6nlichen Profil in Verbindung zu bringen. Sie k\u00f6nnen dies verhindern, indem Sie sich von Ihrem Vimeo-Konto abmelden. Weitere Informationen \u00fcber den Umgang mit Benutzerdaten finden Sie in der Vimeo-Datenschutzrichtlinie unter<\/p>\n<p><a href=\"http:\/\/vimeo.com\/privacy\" target=\"blank\" rel=\"noopener noreferrer\">http:\/\/vimeo.com\/privacy<\/a><\/p>\n<p><strong>YouTube<\/strong>\n    <br>Unsere Website verwendet Plugins von Youtube, einem Google-Unternehmen. Anbieter der Youtube-Website ist YouTube, LLC, 901 Cherry Ave., San Bruno, CA 94066, USA. Wenn Sie eine unserer YouTube-Plug-in-f\u00e4higen Websites besuchen, werden Sie mit den Servern von YouTube verbunden. Es teilt dem YouTube-Server mit, welche unserer Seiten Sie besucht haben. Wenn Sie in Ihrem YouTube-Konto angemeldet sind, k\u00f6nnen Sie Ihr Browserverhalten direkt mit Ihrem pers\u00f6nlichen Profil verkn\u00fcpfen. Sie k\u00f6nnen dies verhindern, indem Sie sich von Ihrem YouTube-Konto abmelden. Die Nutzung von YouTube ist im Interesse einer attraktiven Darstellung unserer Online-Angebote. Dies stellt ein berechtigtes Interesse im Sinne von Art. 6 Par. 1 f DSGVO. Weitere Informationen zum Umgang mit Benutzerdaten finden Sie in der YouTube-Datenschutzerkl\u00e4rung unter:<\/p>\n<p><a href=\"http:\/\/www.google.de\/intl\/de\/policies\/privacy\" target=\"blank\" rel=\"noopener noreferrer\">http:\/\/www.google.de\/intl\/de\/policies\/privacy<\/a><\/p>\n<p><strong>Facebook-Plugins (Like &amp; Share-Button)<\/strong>\n    <br> Wir haben Plugins aus dem sozialen Netzwerk Facebook auf unserer Website integriert. Anbieter dieses Dienstes ist Facebook Inc., 1 Hacker Way, Menlo Park, Kalifornien 94025, USA. Die Facebook-Plugins sind am Facebook-Logo oder dem &#8222;Like-Button&#8220; (&#8222;Like&#8220;) auf unserer Website zu erkennen. Eine \u00dcbersicht \u00fcber die Facebook-Plugins finden Sie hier:<\/p>\n<p><a href=\"http:\/\/developers.facebook.com\/docs\/plugins\/\" target=\"blank\" rel=\"noopener noreferrer\">http:\/\/developers.facebook.com\/docs\/plugins\/<\/a><\/p>\n<p>Wenn Sie unsere Seiten besuchen, stellt das Plugin eine direkte Verbindung zwischen Ihrem Browser und dem Facebook-Server her. Facebook erh\u00e4lt die Informationen, dass Sie unsere Website besucht haben, mit Ihrer IP-Adresse. Wenn du auf den Facebook &#8222;Like-Button&#8220; klickst, w\u00e4hrend du in deinem Facebook-Konto eingeloggt bist, kannst du die Inhalte unserer Seiten mit deinem Facebook-Profil verlinken. Dadurch kann Facebook den Besuch unserer Seiten Ihrem Benutzerkonto zuordnen. Wir weisen darauf hin, dass uns als Anbieter der Seiten der Inhalt der \u00fcbermittelten Daten und deren Nutzung durch Facebook nicht bekannt ist. Weitere Informationen findest du in der Datenschutzerkl\u00e4rung von Facebook unter:<\/p>\n<p><a href=\"http:\/\/de-de.facebook.com\/policy.php\" target=\"blank\" rel=\"noopener noreferrer\">http:\/\/de-de.facebook.com\/policy.php<\/a><\/p>\n<p>Wenn Sie nicht m\u00f6chten, dass Facebook Ihren Besuch auf unserer Website Ihrem Facebook-Konto zuordnet, k\u00f6nnen Sie dies verhindern, indem Sie sich vor dem Besuch unserer Website von Ihrem Facebook-Konto abmelden.<\/p>\n<p><strong>LinkedIn<\/strong>\n    <br>Unsere Website verwendet Plugins aus dem LinkedIn-Netzwerk. Anbieter dieses Dienstes ist die LinkedIn Corporation, 2029 Stierlin Court, Mountain View, CA 94043, USA. Jedes Mal, wenn Sie eine unserer Seiten besuchen, die LinkedIn-Funktionen enth\u00e4lt, verbindet sie sich mit LinkedIn-Servern. LinkedIn wird dar\u00fcber informiert, dass Sie unsere Website mit Ihrer IP-Adresse besucht haben. Wenn Sie auf den &#8222;Weiterempfehlen-Button&#8220; von LinkedIn klicken und in Ihrem LinkedIn-Konto angemeldet sind, kann LinkedIn Ihren Besuch auf unserer Website mit Ihnen und Ihrem Benutzerkonto verkn\u00fcpfen. Wir weisen darauf hin, dass wir als Anbieter der Seiten keine Kenntnis vom Inhalt der \u00fcbermittelten Daten und deren Verwendung durch LinkedIn haben. Weitere Informationen finden Sie in der Datenschutzerkl\u00e4rung von LinkedIn unter:<\/p>\n<p><a href=\"http:\/\/www.linkedin.com\/legal\/privacy-policy\" target=\"blank\" rel=\"noopener noreferrer\">http:\/\/www.linkedin.com\/legal\/privacy-policy<\/a><\/p>\n<p><strong>Twitter plugin:<\/strong>\n    <br>Die Funktionen des Twitter-Dienstes sind auf unseren Seiten integriert. Diese Funktionen sind \u00fcber Twitter Inc., 1355 Market Street, Suite 900, San Francisco, CA 94103, USA, erh\u00e4ltlich. Durch die Nutzung von Twitter und der Funktion &#8222;Re-Tweet&#8220; werden die von Ihnen besuchten Websites mit Ihrem Twitter-Konto verkn\u00fcpft und mit anderen Nutzern geteilt. Diese Daten werden auch an Twitter \u00fcbermittelt. Wir weisen darauf hin, dass uns als Anbieter der Seiten der Inhalt der \u00fcbertragenen Daten und deren Nutzung durch Twitter nicht bekannt ist. Weitere Informationen finden Sie in der Datenschutzerkl\u00e4rung von Twitter unter:<\/p>\n<p><a href=\"http:\/\/twitter.com\/privacy\" target=\"blank\" rel=\"noopener noreferrer\" class=\"broken_link\">http:\/\/twitter.com\/privacy<\/a><\/p>\n<p>Sie k\u00f6nnen Ihre Datenschutzeinstellungen \u00fcber Ihre Twitter-Account-Einstellungen \u00e4ndern.<\/p>\n<p><a href=\"http:\/\/twitter.com\/account\/settings\" target=\"blank\" rel=\"noopener noreferrer\" class=\"broken_link\">http:\/\/twitter.com\/account\/settings<\/a><\/p>\n<p><strong>4 Verwalten Sie Ihre Einstellungen f\u00fcr die Cookie-Einwilligung<\/strong><\/p>\n<p>Wenn Sie Fragen oder Bedenken bez\u00fcglich dieser Cookie-Richtlinie oder der Verarbeitung Ihrer personenbezogenen Daten haben, lesen Sie bitte unsere <a href=\"http:\/\/http:\/\/lbg-old.hosting125805.a2fe8.netcup.net\/datenschutz\" target=\"blank\" rel=\"noopener noreferrer\" class=\"broken_link\">Datenschutzerkl\u00e4rung<\/a>. Um die Verwendung von Cookies vollst\u00e4ndig zu deaktivieren, lesen Sie bitte das Handbuch Ihres Browsers, wenn unsere Website kein Cookie-Banner vorsieht, aus dem Sie Ihre Einstellungen ausw\u00e4hlen k\u00f6nnen.  <\/p>\n<p><strong>5 Notice Update<\/strong><\/p>\n<p>Wir behalten uns das Recht vor, \u00c4nderungen und Korrekturen an dieser Mitteilung vorzunehmen. Bitte lesen Sie von Zeit zu Zeit diese Seite, um diese und neue Zusatzinformationen zu lesen. Soweit gesetzlich vorgeschrieben, werden wir Sie angemessen \u00fcber \u00c4nderungen und Korrekturen dieser Mitteilung informieren.\n   <br> Diese Cookie-Mitteilung wurde zuletzt am 27. November 2019 aktualisiert.<\/p>\n","protected":false},"excerpt":{"rendered":"<p>a 3 Einige Informationen \u00fcber einige von Dritten bereitgestellte Cookies werden auf dieser Website verwendet. Unter den oben genannten Cookies werden einige von Dritten [&hellip;]<\/p>\n","protected":false},"author":1,"featured_media":0,"parent":0,"menu_order":0,"comment_status":"closed","ping_status":"closed","template":"","meta":[],"_links":{"self":[{"href":"http:\/\/lbg-old.hosting125805.a2fe8.netcup.net\/de\/wp-json\/wp\/v2\/pages\/2113"}],"collection":[{"href":"http:\/\/lbg-old.hosting125805.a2fe8.netcup.net\/de\/wp-json\/wp\/v2\/pages"}],"about":[{"href":"http:\/\/lbg-old.hosting125805.a2fe8.netcup.net\/de\/wp-json\/wp\/v2\/types\/page"}],"author":[{"embeddable":true,"href":"http:\/\/lbg-old.hosting125805.a2fe8.netcup.net\/de\/wp-json\/wp\/v2\/users\/1"}],"replies":[{"embeddable":true,"href":"http:\/\/lbg-old.hosting125805.a2fe8.netcup.net\/de\/wp-json\/wp\/v2\/comments?post=2113"}],"version-history":[{"count":10,"href":"http:\/\/lbg-old.hosting125805.a2fe8.netcup.net\/de\/wp-json\/wp\/v2\/pages\/2113\/revisions"}],"predecessor-version":[{"id":3211,"href":"http:\/\/lbg-old.hosting125805.a2fe8.netcup.net\/de\/wp-json\/wp\/v2\/pages\/2113\/revisions\/3211"}],"wp:attachment":[{"href":"http:\/\/lbg-old.hosting125805.a2fe8.netcup.net\/de\/wp-json\/wp\/v2\/media?parent=2113"}],"curies":[{"name":"wp","href":"https:\/\/api.w.org\/{rel}","templated":true}]}}